{"id":118,"date":"2023-09-29T02:16:51","date_gmt":"2023-09-29T02:16:51","guid":{"rendered":"https:\/\/castarq.com.br\/?page_id=118"},"modified":"2023-11-06T21:50:24","modified_gmt":"2023-11-06T21:50:24","slug":"obras","status":"publish","type":"page","link":"https:\/\/castarq.com.br\/?page_id=118","title":{"rendered":"Obras"},"content":{"rendered":"\t\t<div data-elementor-type=\"wp-page\" data-elementor-id=\"118\" class=\"elementor elementor-118\">\n\t\t\t\t\t\t<section class=\"elementor-section elementor-top-section elementor-element elementor-element-5f23ed930 elementor-section-height-min-height elementor-section-boxed elementor-section-height-default elementor-section-items-middle wpr-particle-no wpr-jarallax-no wpr-parallax-no wpr-sticky-section-no wpr-equal-height-no\" data-id=\"5f23ed930\" data-element_type=\"section\" data-settings=\"{&quot;background_background&quot;:&quot;classic&quot;}\">\n\t\t\t\t\t\t\t<div class=\"elementor-background-overlay\"><\/div>\n\t\t\t\t\t\t\t<div class=\"elementor-container elementor-column-gap-default\">\n\t\t\t\t\t<div class=\"elementor-column elementor-col-100 elementor-top-column elementor-element elementor-element-607e3a89\" data-id=\"607e3a89\" data-element_type=\"column\">\n\t\t\t<div class=\"elementor-widget-wrap elementor-element-populated\">\n\t\t\t\t\t\t<div class=\"elementor-element elementor-element-3b8b35 elementor-widget elementor-widget-heading\" data-id=\"3b8b35\" data-element_type=\"widget\" data-widget_type=\"heading.default\">\n\t\t\t\t<div class=\"elementor-widget-container\">\n\t\t\t\t\t<h2 class=\"elementor-heading-title elementor-size-default\">Obras realizadas<\/h2>\t\t\t\t<\/div>\n\t\t\t\t<\/div>\n\t\t\t\t\t<\/div>\n\t\t<\/div>\n\t\t\t\t\t<\/div>\n\t\t<\/section>\n\t\t\t\t<section class=\"elementor-section elementor-top-section elementor-element elementor-element-65a4bf1a elementor-section-boxed elementor-section-height-default elementor-section-height-default wpr-particle-no wpr-jarallax-no wpr-parallax-no wpr-sticky-section-no wpr-equal-height-no\" data-id=\"65a4bf1a\" data-element_type=\"section\">\n\t\t\t\t\t\t<div class=\"elementor-container elementor-column-gap-default\">\n\t\t\t\t\t<div class=\"elementor-column elementor-col-50 elementor-top-column elementor-element elementor-element-68a88ca3\" data-id=\"68a88ca3\" data-element_type=\"column\">\n\t\t\t<div class=\"elementor-widget-wrap elementor-element-populated\">\n\t\t\t\t\t\t<div class=\"elementor-element elementor-element-61b0c95f elementor-widget elementor-widget-heading\" data-id=\"61b0c95f\" data-element_type=\"widget\" data-widget_type=\"heading.default\">\n\t\t\t\t<div class=\"elementor-widget-container\">\n\t\t\t\t\t<h2 class=\"elementor-heading-title elementor-size-default\">Zinfandel<\/h2>\t\t\t\t<\/div>\n\t\t\t\t<\/div>\n\t\t\t\t<div class=\"elementor-element elementor-element-3622f1c9 elementor-widget-divider--view-line elementor-widget elementor-widget-divider\" data-id=\"3622f1c9\" data-element_type=\"widget\" data-widget_type=\"divider.default\">\n\t\t\t\t<div class=\"elementor-widget-container\">\n\t\t\t\t\t\t\t<div class=\"elementor-divider\">\n\t\t\t<span class=\"elementor-divider-separator\">\n\t\t\t\t\t\t<\/span>\n\t\t<\/div>\n\t\t\t\t\t\t<\/div>\n\t\t\t\t<\/div>\n\t\t\t\t<div class=\"elementor-element elementor-element-10dd48d4 elementor-widget elementor-widget-text-editor\" data-id=\"10dd48d4\" data-element_type=\"widget\" data-widget_type=\"text-editor.default\">\n\t\t\t\t<div class=\"elementor-widget-container\">\n\t\t\t\t\t\t\t\t\t<p>\u00c1rea constru\u00edda: 2.774m\u00b2<\/p><p><br \/>Execu\u00e7\u00e3o de edif\u00edcio residencial de 14 pavimentos, com 20 apartamentos<\/p><p><br \/>Obra em andamento<\/p>\t\t\t\t\t\t\t\t<\/div>\n\t\t\t\t<\/div>\n\t\t\t\t\t<\/div>\n\t\t<\/div>\n\t\t\t\t<div class=\"elementor-column elementor-col-50 elementor-top-column elementor-element elementor-element-25053a3\" data-id=\"25053a3\" data-element_type=\"column\">\n\t\t\t<div class=\"elementor-widget-wrap elementor-element-populated\">\n\t\t\t\t\t\t<div class=\"elementor-element elementor-element-296fb78b elementor-widget elementor-widget-image\" data-id=\"296fb78b\" data-element_type=\"widget\" data-widget_type=\"image.default\">\n\t\t\t\t<div class=\"elementor-widget-container\">\n\t\t\t\t\t\t\t\t\t\t\t\t\t\t\t<img fetchpriority=\"high\" decoding=\"async\" width=\"779\" height=\"1024\" src=\"https:\/\/i0.wp.com\/castarq.com.br\/wp-content\/uploads\/2023\/11\/zinfandel-3d-fachada.jpg?fit=779%2C1024&amp;ssl=1\" class=\"attachment-large size-large wp-image-197\" alt=\"\" srcset=\"https:\/\/i0.wp.com\/castarq.com.br\/wp-content\/uploads\/2023\/11\/zinfandel-3d-fachada.jpg?w=1353&amp;ssl=1 1353w, https:\/\/i0.wp.com\/castarq.com.br\/wp-content\/uploads\/2023\/11\/zinfandel-3d-fachada.jpg?resize=228%2C300&amp;ssl=1 228w, https:\/\/i0.wp.com\/castarq.com.br\/wp-content\/uploads\/2023\/11\/zinfandel-3d-fachada.jpg?resize=779%2C1024&amp;ssl=1 779w, https:\/\/i0.wp.com\/castarq.com.br\/wp-content\/uploads\/2023\/11\/zinfandel-3d-fachada.jpg?resize=768%2C1009&amp;ssl=1 768w, https:\/\/i0.wp.com\/castarq.com.br\/wp-content\/uploads\/2023\/11\/zinfandel-3d-fachada.jpg?resize=1169%2C1536&amp;ssl=1 1169w\" sizes=\"(max-width: 779px) 100vw, 779px\" \/>\t\t\t\t\t\t\t\t\t\t\t\t\t\t\t<\/div>\n\t\t\t\t<\/div>\n\t\t\t\t\t<\/div>\n\t\t<\/div>\n\t\t\t\t\t<\/div>\n\t\t<\/section>\n\t\t\t\t<section class=\"elementor-section elementor-top-section elementor-element elementor-element-59271bd elementor-section-boxed elementor-section-height-default elementor-section-height-default wpr-particle-no wpr-jarallax-no wpr-parallax-no wpr-sticky-section-no wpr-equal-height-no\" data-id=\"59271bd\" data-element_type=\"section\" data-settings=\"{&quot;background_background&quot;:&quot;classic&quot;}\">\n\t\t\t\t\t\t<div class=\"elementor-container elementor-column-gap-default\">\n\t\t\t\t\t<div class=\"elementor-column elementor-col-50 elementor-top-column elementor-element elementor-element-f481fc5\" data-id=\"f481fc5\" data-element_type=\"column\">\n\t\t\t<div class=\"elementor-widget-wrap elementor-element-populated\">\n\t\t\t\t\t\t<div class=\"elementor-element elementor-element-11cb4b4 elementor-widget elementor-widget-image\" data-id=\"11cb4b4\" data-element_type=\"widget\" data-widget_type=\"image.default\">\n\t\t\t\t<div class=\"elementor-widget-container\">\n\t\t\t\t\t\t\t\t\t\t\t\t\t\t\t<img decoding=\"async\" width=\"960\" height=\"540\" src=\"https:\/\/i0.wp.com\/castarq.com.br\/wp-content\/uploads\/2023\/11\/casa-torres-3d-fachada.jpg?fit=960%2C540&amp;ssl=1\" class=\"attachment-large size-large wp-image-200\" alt=\"\" srcset=\"https:\/\/i0.wp.com\/castarq.com.br\/wp-content\/uploads\/2023\/11\/casa-torres-3d-fachada.jpg?w=1920&amp;ssl=1 1920w, https:\/\/i0.wp.com\/castarq.com.br\/wp-content\/uploads\/2023\/11\/casa-torres-3d-fachada.jpg?resize=300%2C169&amp;ssl=1 300w, https:\/\/i0.wp.com\/castarq.com.br\/wp-content\/uploads\/2023\/11\/casa-torres-3d-fachada.jpg?resize=1024%2C576&amp;ssl=1 1024w, https:\/\/i0.wp.com\/castarq.com.br\/wp-content\/uploads\/2023\/11\/casa-torres-3d-fachada.jpg?resize=768%2C432&amp;ssl=1 768w, https:\/\/i0.wp.com\/castarq.com.br\/wp-content\/uploads\/2023\/11\/casa-torres-3d-fachada.jpg?resize=1536%2C864&amp;ssl=1 1536w\" sizes=\"(max-width: 960px) 100vw, 960px\" \/>\t\t\t\t\t\t\t\t\t\t\t\t\t\t\t<\/div>\n\t\t\t\t<\/div>\n\t\t\t\t\t<\/div>\n\t\t<\/div>\n\t\t\t\t<div class=\"elementor-column elementor-col-50 elementor-top-column elementor-element elementor-element-8765816\" data-id=\"8765816\" data-element_type=\"column\">\n\t\t\t<div class=\"elementor-widget-wrap elementor-element-populated\">\n\t\t\t\t\t\t<div class=\"elementor-element elementor-element-c62c723 elementor-widget elementor-widget-heading\" data-id=\"c62c723\" data-element_type=\"widget\" data-widget_type=\"heading.default\">\n\t\t\t\t<div class=\"elementor-widget-container\">\n\t\t\t\t\t<h2 class=\"elementor-heading-title elementor-size-default\">Casa de veraneio<\/h2>\t\t\t\t<\/div>\n\t\t\t\t<\/div>\n\t\t\t\t<div class=\"elementor-element elementor-element-9f1f13b elementor-widget-divider--view-line elementor-widget elementor-widget-divider\" data-id=\"9f1f13b\" data-element_type=\"widget\" data-widget_type=\"divider.default\">\n\t\t\t\t<div class=\"elementor-widget-container\">\n\t\t\t\t\t\t\t<div class=\"elementor-divider\">\n\t\t\t<span class=\"elementor-divider-separator\">\n\t\t\t\t\t\t<\/span>\n\t\t<\/div>\n\t\t\t\t\t\t<\/div>\n\t\t\t\t<\/div>\n\t\t\t\t<div class=\"elementor-element elementor-element-45eda43 elementor-widget elementor-widget-text-editor\" data-id=\"45eda43\" data-element_type=\"widget\" data-widget_type=\"text-editor.default\">\n\t\t\t\t<div class=\"elementor-widget-container\">\n\t\t\t\t\t\t\t\t\t<p>\u00c1rea constru\u00edda: 590m\u00b2<\/p><p><br \/>Execu\u00e7\u00e3o de resid\u00eancia de veraneio, de alto padr\u00e3o, com 5 su\u00edtes, localizada em um amplo terreno pr\u00f3ximo a Torres-RS;<\/p><p><br \/>Obra em andamento<\/p>\t\t\t\t\t\t\t\t<\/div>\n\t\t\t\t<\/div>\n\t\t\t\t\t<\/div>\n\t\t<\/div>\n\t\t\t\t\t<\/div>\n\t\t<\/section>\n\t\t\t\t<section class=\"elementor-section elementor-top-section elementor-element elementor-element-fbcecb9 elementor-section-boxed elementor-section-height-default elementor-section-height-default wpr-particle-no wpr-jarallax-no wpr-parallax-no wpr-sticky-section-no wpr-equal-height-no\" data-id=\"fbcecb9\" data-element_type=\"section\">\n\t\t\t\t\t\t<div class=\"elementor-container elementor-column-gap-default\">\n\t\t\t\t\t<div class=\"elementor-column elementor-col-50 elementor-top-column elementor-element elementor-element-f5b59bf\" data-id=\"f5b59bf\" data-element_type=\"column\">\n\t\t\t<div class=\"elementor-widget-wrap elementor-element-populated\">\n\t\t\t\t\t\t<div class=\"elementor-element elementor-element-d75671b elementor-widget elementor-widget-heading\" data-id=\"d75671b\" data-element_type=\"widget\" data-widget_type=\"heading.default\">\n\t\t\t\t<div class=\"elementor-widget-container\">\n\t\t\t\t\t<h2 class=\"elementor-heading-title elementor-size-default\">Nebbiolo<\/h2>\t\t\t\t<\/div>\n\t\t\t\t<\/div>\n\t\t\t\t<div class=\"elementor-element elementor-element-4ed798d elementor-widget-divider--view-line elementor-widget elementor-widget-divider\" data-id=\"4ed798d\" data-element_type=\"widget\" data-widget_type=\"divider.default\">\n\t\t\t\t<div class=\"elementor-widget-container\">\n\t\t\t\t\t\t\t<div class=\"elementor-divider\">\n\t\t\t<span class=\"elementor-divider-separator\">\n\t\t\t\t\t\t<\/span>\n\t\t<\/div>\n\t\t\t\t\t\t<\/div>\n\t\t\t\t<\/div>\n\t\t\t\t<div class=\"elementor-element elementor-element-61017df elementor-widget elementor-widget-text-editor\" data-id=\"61017df\" data-element_type=\"widget\" data-widget_type=\"text-editor.default\">\n\t\t\t\t<div class=\"elementor-widget-container\">\n\t\t\t\t\t\t\t\t\t<p>\u00c1rea constru\u00edda: 2.843m\u00b2<\/p><p><br \/>Execu\u00e7\u00e3o de edif\u00edcio residencial de 9 pavimentos, com 28 apartamentos<\/p><p><br \/>Conclus\u00e3o: 2016<\/p>\t\t\t\t\t\t\t\t<\/div>\n\t\t\t\t<\/div>\n\t\t\t\t\t<\/div>\n\t\t<\/div>\n\t\t\t\t<div class=\"elementor-column elementor-col-50 elementor-top-column elementor-element elementor-element-1d43106\" data-id=\"1d43106\" data-element_type=\"column\">\n\t\t\t<div class=\"elementor-widget-wrap elementor-element-populated\">\n\t\t\t\t\t\t<div class=\"elementor-element elementor-element-92c3a7d elementor-widget elementor-widget-image\" data-id=\"92c3a7d\" data-element_type=\"widget\" data-widget_type=\"image.default\">\n\t\t\t\t<div class=\"elementor-widget-container\">\n\t\t\t\t\t\t\t\t\t\t\t\t\t\t\t<img decoding=\"async\" width=\"768\" height=\"1024\" src=\"https:\/\/i0.wp.com\/castarq.com.br\/wp-content\/uploads\/2023\/11\/nebbiolo.jpg?fit=768%2C1024&amp;ssl=1\" class=\"attachment-large size-large wp-image-204\" alt=\"\" srcset=\"https:\/\/i0.wp.com\/castarq.com.br\/wp-content\/uploads\/2023\/11\/nebbiolo.jpg?w=900&amp;ssl=1 900w, https:\/\/i0.wp.com\/castarq.com.br\/wp-content\/uploads\/2023\/11\/nebbiolo.jpg?resize=225%2C300&amp;ssl=1 225w, https:\/\/i0.wp.com\/castarq.com.br\/wp-content\/uploads\/2023\/11\/nebbiolo.jpg?resize=768%2C1024&amp;ssl=1 768w\" sizes=\"(max-width: 768px) 100vw, 768px\" \/>\t\t\t\t\t\t\t\t\t\t\t\t\t\t\t<\/div>\n\t\t\t\t<\/div>\n\t\t\t\t\t<\/div>\n\t\t<\/div>\n\t\t\t\t\t<\/div>\n\t\t<\/section>\n\t\t\t\t<section class=\"elementor-section elementor-top-section elementor-element elementor-element-16410d5 elementor-section-boxed elementor-section-height-default elementor-section-height-default wpr-particle-no wpr-jarallax-no wpr-parallax-no wpr-sticky-section-no wpr-equal-height-no\" data-id=\"16410d5\" data-element_type=\"section\" data-settings=\"{&quot;background_background&quot;:&quot;classic&quot;}\">\n\t\t\t\t\t\t<div class=\"elementor-container elementor-column-gap-default\">\n\t\t\t\t\t<div class=\"elementor-column elementor-col-50 elementor-top-column elementor-element elementor-element-4c29f8e\" data-id=\"4c29f8e\" data-element_type=\"column\">\n\t\t\t<div class=\"elementor-widget-wrap elementor-element-populated\">\n\t\t\t\t\t\t<div class=\"elementor-element elementor-element-748e9c5 elementor-widget elementor-widget-image\" data-id=\"748e9c5\" data-element_type=\"widget\" data-widget_type=\"image.default\">\n\t\t\t\t<div class=\"elementor-widget-container\">\n\t\t\t\t\t\t\t\t\t\t\t\t\t\t\t<img loading=\"lazy\" decoding=\"async\" width=\"960\" height=\"540\" src=\"https:\/\/i0.wp.com\/castarq.com.br\/wp-content\/uploads\/2023\/11\/monterey01.jpeg?fit=960%2C540&amp;ssl=1\" class=\"attachment-large size-large wp-image-203\" alt=\"\" srcset=\"https:\/\/i0.wp.com\/castarq.com.br\/wp-content\/uploads\/2023\/11\/monterey01.jpeg?w=1600&amp;ssl=1 1600w, https:\/\/i0.wp.com\/castarq.com.br\/wp-content\/uploads\/2023\/11\/monterey01.jpeg?resize=300%2C169&amp;ssl=1 300w, https:\/\/i0.wp.com\/castarq.com.br\/wp-content\/uploads\/2023\/11\/monterey01.jpeg?resize=1024%2C576&amp;ssl=1 1024w, https:\/\/i0.wp.com\/castarq.com.br\/wp-content\/uploads\/2023\/11\/monterey01.jpeg?resize=768%2C432&amp;ssl=1 768w, https:\/\/i0.wp.com\/castarq.com.br\/wp-content\/uploads\/2023\/11\/monterey01.jpeg?resize=1536%2C864&amp;ssl=1 1536w\" sizes=\"(max-width: 960px) 100vw, 960px\" \/>\t\t\t\t\t\t\t\t\t\t\t\t\t\t\t<\/div>\n\t\t\t\t<\/div>\n\t\t\t\t<div class=\"elementor-element elementor-element-7da924e elementor-widget elementor-widget-image\" data-id=\"7da924e\" data-element_type=\"widget\" data-widget_type=\"image.default\">\n\t\t\t\t<div class=\"elementor-widget-container\">\n\t\t\t\t\t\t\t\t\t\t\t\t\t\t\t<img loading=\"lazy\" decoding=\"async\" width=\"960\" height=\"488\" src=\"https:\/\/i0.wp.com\/castarq.com.br\/wp-content\/uploads\/2023\/11\/casa-monterey-3d-fachada.jpeg?fit=960%2C488&amp;ssl=1\" class=\"attachment-large size-large wp-image-199\" alt=\"\" srcset=\"https:\/\/i0.wp.com\/castarq.com.br\/wp-content\/uploads\/2023\/11\/casa-monterey-3d-fachada.jpeg?w=1024&amp;ssl=1 1024w, https:\/\/i0.wp.com\/castarq.com.br\/wp-content\/uploads\/2023\/11\/casa-monterey-3d-fachada.jpeg?resize=300%2C153&amp;ssl=1 300w, https:\/\/i0.wp.com\/castarq.com.br\/wp-content\/uploads\/2023\/11\/casa-monterey-3d-fachada.jpeg?resize=768%2C391&amp;ssl=1 768w\" sizes=\"(max-width: 960px) 100vw, 960px\" \/>\t\t\t\t\t\t\t\t\t\t\t\t\t\t\t<\/div>\n\t\t\t\t<\/div>\n\t\t\t\t\t<\/div>\n\t\t<\/div>\n\t\t\t\t<div class=\"elementor-column elementor-col-50 elementor-top-column elementor-element elementor-element-feb3fd8\" data-id=\"feb3fd8\" data-element_type=\"column\">\n\t\t\t<div class=\"elementor-widget-wrap elementor-element-populated\">\n\t\t\t\t\t\t<div class=\"elementor-element elementor-element-efb066c elementor-widget elementor-widget-heading\" data-id=\"efb066c\" data-element_type=\"widget\" data-widget_type=\"heading.default\">\n\t\t\t\t<div class=\"elementor-widget-container\">\n\t\t\t\t\t<h2 class=\"elementor-heading-title elementor-size-default\">Monterrey<\/h2>\t\t\t\t<\/div>\n\t\t\t\t<\/div>\n\t\t\t\t<div class=\"elementor-element elementor-element-81e9672 elementor-widget-divider--view-line elementor-widget elementor-widget-divider\" data-id=\"81e9672\" data-element_type=\"widget\" data-widget_type=\"divider.default\">\n\t\t\t\t<div class=\"elementor-widget-container\">\n\t\t\t\t\t\t\t<div class=\"elementor-divider\">\n\t\t\t<span class=\"elementor-divider-separator\">\n\t\t\t\t\t\t<\/span>\n\t\t<\/div>\n\t\t\t\t\t\t<\/div>\n\t\t\t\t<\/div>\n\t\t\t\t<div class=\"elementor-element elementor-element-d91a956 elementor-widget elementor-widget-text-editor\" data-id=\"d91a956\" data-element_type=\"widget\" data-widget_type=\"text-editor.default\">\n\t\t\t\t<div class=\"elementor-widget-container\">\n\t\t\t\t\t\t\t\t\t<p>\u00c1rea constru\u00edda: 1.020m\u00b2<\/p><p><br \/>Execu\u00e7\u00e3o de resid\u00eancia unifamiliar de alto padr\u00e3o, em condom\u00ednio fechado, com 4 su\u00edtes e amplas \u00e1reas sociais e de lazer<\/p><p><br \/>Obra em andamento<\/p>\t\t\t\t\t\t\t\t<\/div>\n\t\t\t\t<\/div>\n\t\t\t\t\t<\/div>\n\t\t<\/div>\n\t\t\t\t\t<\/div>\n\t\t<\/section>\n\t\t\t\t<section class=\"elementor-section elementor-top-section elementor-element elementor-element-b7c460f elementor-section-boxed elementor-section-height-default elementor-section-height-default wpr-particle-no wpr-jarallax-no wpr-parallax-no wpr-sticky-section-no wpr-equal-height-no\" data-id=\"b7c460f\" data-element_type=\"section\">\n\t\t\t\t\t\t<div class=\"elementor-container elementor-column-gap-default\">\n\t\t\t\t\t<div class=\"elementor-column elementor-col-50 elementor-top-column elementor-element elementor-element-8cd3829\" data-id=\"8cd3829\" data-element_type=\"column\">\n\t\t\t<div class=\"elementor-widget-wrap elementor-element-populated\">\n\t\t\t\t\t\t<div class=\"elementor-element elementor-element-be89e50 elementor-widget elementor-widget-heading\" data-id=\"be89e50\" data-element_type=\"widget\" data-widget_type=\"heading.default\">\n\t\t\t\t<div class=\"elementor-widget-container\">\n\t\t\t\t\t<h2 class=\"elementor-heading-title elementor-size-default\">Tempranillo<\/h2>\t\t\t\t<\/div>\n\t\t\t\t<\/div>\n\t\t\t\t<div class=\"elementor-element elementor-element-e5c2cba elementor-widget-divider--view-line elementor-widget elementor-widget-divider\" data-id=\"e5c2cba\" data-element_type=\"widget\" data-widget_type=\"divider.default\">\n\t\t\t\t<div class=\"elementor-widget-container\">\n\t\t\t\t\t\t\t<div class=\"elementor-divider\">\n\t\t\t<span class=\"elementor-divider-separator\">\n\t\t\t\t\t\t<\/span>\n\t\t<\/div>\n\t\t\t\t\t\t<\/div>\n\t\t\t\t<\/div>\n\t\t\t\t<div class=\"elementor-element elementor-element-9efe7b8 elementor-widget elementor-widget-text-editor\" data-id=\"9efe7b8\" data-element_type=\"widget\" data-widget_type=\"text-editor.default\">\n\t\t\t\t<div class=\"elementor-widget-container\">\n\t\t\t\t\t\t\t\t\t<p>\u00c1rea constru\u00edda: 8.664m\u00b2<\/p><p><br \/>Execu\u00e7\u00e3o de edif\u00edcio residencial de 15 pavimentos, com 36 apartamentos<\/p><p><br \/>Conclus\u00e3o: 2019<\/p>\t\t\t\t\t\t\t\t<\/div>\n\t\t\t\t<\/div>\n\t\t\t\t\t<\/div>\n\t\t<\/div>\n\t\t\t\t<div class=\"elementor-column elementor-col-50 elementor-top-column elementor-element elementor-element-7b63680\" data-id=\"7b63680\" data-element_type=\"column\">\n\t\t\t<div class=\"elementor-widget-wrap elementor-element-populated\">\n\t\t\t\t\t\t<div class=\"elementor-element elementor-element-28a4479 elementor-widget elementor-widget-image\" data-id=\"28a4479\" data-element_type=\"widget\" data-widget_type=\"image.default\">\n\t\t\t\t<div class=\"elementor-widget-container\">\n\t\t\t\t\t\t\t\t\t\t\t\t\t\t\t<img loading=\"lazy\" decoding=\"async\" width=\"807\" height=\"1024\" src=\"https:\/\/i0.wp.com\/castarq.com.br\/wp-content\/uploads\/2023\/11\/tempranillo.jpg?fit=807%2C1024&amp;ssl=1\" class=\"attachment-large size-large wp-image-196\" alt=\"\" srcset=\"https:\/\/i0.wp.com\/castarq.com.br\/wp-content\/uploads\/2023\/11\/tempranillo.jpg?w=1942&amp;ssl=1 1942w, https:\/\/i0.wp.com\/castarq.com.br\/wp-content\/uploads\/2023\/11\/tempranillo.jpg?resize=236%2C300&amp;ssl=1 236w, https:\/\/i0.wp.com\/castarq.com.br\/wp-content\/uploads\/2023\/11\/tempranillo.jpg?resize=807%2C1024&amp;ssl=1 807w, https:\/\/i0.wp.com\/castarq.com.br\/wp-content\/uploads\/2023\/11\/tempranillo.jpg?resize=768%2C975&amp;ssl=1 768w, https:\/\/i0.wp.com\/castarq.com.br\/wp-content\/uploads\/2023\/11\/tempranillo.jpg?resize=1210%2C1536&amp;ssl=1 1210w, https:\/\/i0.wp.com\/castarq.com.br\/wp-content\/uploads\/2023\/11\/tempranillo.jpg?resize=1613%2C2048&amp;ssl=1 1613w\" sizes=\"(max-width: 807px) 100vw, 807px\" \/>\t\t\t\t\t\t\t\t\t\t\t\t\t\t\t<\/div>\n\t\t\t\t<\/div>\n\t\t\t\t\t<\/div>\n\t\t<\/div>\n\t\t\t\t\t<\/div>\n\t\t<\/section>\n\t\t\t\t<\/div>\n\t\t","protected":false},"excerpt":{"rendered":"<p>Obras realizadas Zinfandel \u00c1rea constru\u00edda: 2.774m\u00b2 Execu\u00e7\u00e3o de edif\u00edcio residencial de 14 pavimentos, com 20 apartamentos Obra em andamento Casa de veraneio \u00c1rea constru\u00edda: 590m\u00b2 Execu\u00e7\u00e3o de resid\u00eancia de veraneio, de alto padr\u00e3o, com 5 su\u00edtes, localizada em um amplo terreno pr\u00f3ximo a Torres-RS; Obra em andamento Nebbiolo \u00c1rea constru\u00edda: 2.843m\u00b2 Execu\u00e7\u00e3o de edif\u00edcio residencial de 9 pavimentos, com 28 apartamentos Conclus\u00e3o: 2016 Monterrey \u00c1rea constru\u00edda: 1.020m\u00b2 Execu\u00e7\u00e3o de resid\u00eancia unifamiliar de alto padr\u00e3o, em condom\u00ednio fechado, com 4 su\u00edtes e amplas \u00e1reas sociais e de lazer Obra em andamento Tempranillo \u00c1rea constru\u00edda: 8.664m\u00b2 Execu\u00e7\u00e3o de edif\u00edcio residencial de 15 pavimentos, com 36 apartamentos Conclus\u00e3o: 2019<\/p>\n","protected":false},"author":1,"featured_media":0,"parent":0,"menu_order":0,"comment_status":"closed","ping_status":"closed","template":"elementor_header_footer","meta":{"footnotes":""},"jetpack_sharing_enabled":true,"_links":{"self":[{"href":"https:\/\/castarq.com.br\/index.php?rest_route=\/wp\/v2\/pages\/118"}],"collection":[{"href":"https:\/\/castarq.com.br\/index.php?rest_route=\/wp\/v2\/pages"}],"about":[{"href":"https:\/\/castarq.com.br\/index.php?rest_route=\/wp\/v2\/types\/page"}],"author":[{"embeddable":true,"href":"https:\/\/castarq.com.br\/index.php?rest_route=\/wp\/v2\/users\/1"}],"replies":[{"embeddable":true,"href":"https:\/\/castarq.com.br\/index.php?rest_route=%2Fwp%2Fv2%2Fcomments&post=118"}],"version-history":[{"count":13,"href":"https:\/\/castarq.com.br\/index.php?rest_route=\/wp\/v2\/pages\/118\/revisions"}],"predecessor-version":[{"id":278,"href":"https:\/\/castarq.com.br\/index.php?rest_route=\/wp\/v2\/pages\/118\/revisions\/278"}],"wp:attachment":[{"href":"https:\/\/castarq.com.br\/index.php?rest_route=%2Fwp%2Fv2%2Fmedia&parent=118"}],"curies":[{"name":"wp","href":"https:\/\/api.w.org\/{rel}","templated":true}]}}