{"id":17,"date":"2023-09-28T21:20:28","date_gmt":"2023-09-28T21:20:28","guid":{"rendered":"https:\/\/castarq.com.br\/?page_id=17"},"modified":"2023-11-06T20:59:44","modified_gmt":"2023-11-06T20:59:44","slug":"home","status":"publish","type":"page","link":"https:\/\/castarq.com.br\/","title":{"rendered":"Home"},"content":{"rendered":"\t\t<div data-elementor-type=\"wp-page\" data-elementor-id=\"17\" class=\"elementor elementor-17\">\n\t\t\t\t<div class=\"elementor-element elementor-element-75727f9 e-flex e-con-boxed wpr-particle-no wpr-jarallax-no wpr-parallax-no wpr-sticky-section-no wpr-equal-height-no e-con e-parent\" data-id=\"75727f9\" data-element_type=\"container\" data-settings=\"{&quot;background_background&quot;:&quot;classic&quot;,&quot;shape_divider_bottom&quot;:&quot;opacity-tilt&quot;}\">\n\t\t\t\t\t<div class=\"e-con-inner\">\n\t\t\t\t<div class=\"elementor-shape elementor-shape-bottom\" data-negative=\"false\">\n\t\t\t<svg xmlns=\"http:\/\/www.w3.org\/2000\/svg\" viewBox=\"0 0 2600 131.1\" preserveAspectRatio=\"none\">\n\t<path class=\"elementor-shape-fill\" d=\"M0 0L2600 0 2600 69.1 0 0z\"\/>\n\t<path class=\"elementor-shape-fill\" style=\"opacity:0.5\" d=\"M0 0L2600 0 2600 69.1 0 69.1z\"\/>\n\t<path class=\"elementor-shape-fill\" style=\"opacity:0.25\" d=\"M2600 0L0 0 0 130.1 2600 69.1z\"\/>\n<\/svg>\t\t<\/div>\n\t\t\t\t<div class=\"elementor-element elementor-element-c2336d8 elementor-widget elementor-widget-heading\" data-id=\"c2336d8\" data-element_type=\"widget\" data-widget_type=\"heading.default\">\n\t\t\t\t<div class=\"elementor-widget-container\">\n\t\t\t\t\t<h1 class=\"elementor-heading-title elementor-size-default\">castoldi<\/br>arquitetura<\/h1>\t\t\t\t<\/div>\n\t\t\t\t<\/div>\n\t\t\t\t\t<\/div>\n\t\t\t\t<\/div>\n\t\t<div class=\"elementor-element elementor-element-d198b7d e-flex e-con-boxed wpr-particle-no wpr-jarallax-no wpr-parallax-no wpr-sticky-section-no wpr-equal-height-no e-con e-parent\" data-id=\"d198b7d\" data-element_type=\"container\" data-settings=\"{&quot;background_background&quot;:&quot;classic&quot;}\">\n\t\t\t\t\t<div class=\"e-con-inner\">\n\t\t<div class=\"elementor-element elementor-element-f5d1fda e-con-full e-flex wpr-particle-no wpr-jarallax-no wpr-parallax-no wpr-sticky-section-no wpr-equal-height-no e-con e-child\" data-id=\"f5d1fda\" data-element_type=\"container\">\n\t\t\t\t<div class=\"elementor-element elementor-element-7085d21 elementor-view-default elementor-widget elementor-widget-icon\" data-id=\"7085d21\" data-element_type=\"widget\" data-widget_type=\"icon.default\">\n\t\t\t\t<div class=\"elementor-widget-container\">\n\t\t\t\t\t\t\t<div class=\"elementor-icon-wrapper\">\n\t\t\t<div class=\"elementor-icon\">\n\t\t\t<svg xmlns=\"http:\/\/www.w3.org\/2000\/svg\" height=\"496pt\" viewBox=\"0 0 496 496\" width=\"496pt\"><g fill=\"#f0bc5e\"><path d=\"m464 96c0 35.347656-28.652344 64-64 64s-64-28.652344-64-64 28.652344-64 64-64 64 28.652344 64 64zm0 0\"><\/path><path d=\"m304 312h-80v-48h80zm0 0\"><\/path><path d=\"m248 128h-160v-64h160zm0 0\"><\/path><path d=\"m112 240h-80v-48h80zm0 0\"><\/path><path d=\"m112 304h-80v-48h80zm0 0\"><\/path><path d=\"m304 248h-80v-48h80zm0 0\"><\/path><\/g><path d=\"m472 360h-56c-4.40625 0-8-3.59375-8-8v-24h24c22.054688 0 40-17.945312 40-40v-8h-40c-9.039062 0-17.296875 3.128906-24 8.207031v-24.207031c13.230469 0 24-10.769531 24-24v-9.472656c9.289062-3.3125 16-12.113282 16-22.527344v-27.265625c29.3125-17.070313 48-49.789063 48-84.734375 0-27.664062-11.945312-53.992188-32.769531-72.230469-20.804688-18.226562-48.621094-26.546875-76.335938-22.898437-36.773437 4.890625-67.574219 30.792968-78.46875 66.007812-5.898437 19.058594-5.625 38.984375-.242187 57.234375l-28.183594 11.269531v-103.382812h-16v-32h-192v32h-16v103.382812l-38.464844-15.382812h-17.535156v328c0 26.472656 21.527344 48 48 48h240c17.71875 0 33.191406-9.679688 41.503906-24h102.496094c13.230469 0 24-10.769531 24-24s-10.769531-24-24-24h-56c-4.40625 0-8-3.59375-8-8s3.59375-8 8-8h96c13.230469 0 24-10.769531 24-24s-10.769531-24-24-24zm-40-64h22.632812c-3.304687 9.3125-12.199218 16-22.632812 16h-22.632812c3.304687-9.3125 12.199218-16 22.632812-16zm-40 16.878906c-10.175781-10.398437-24.335938-16.878906-40-16.878906h-16v-127.152344c4.871094 4.464844 10.175781 8.503906 16 11.894532v27.257812c0 10.414062 6.710938 19.214844 16 22.527344v9.472656c0 13.230469 10.769531 24 24 24zm-79.191406-.878906h39.191406c19.320312 0 35.480469 13.769531 39.191406 32h-39.191406c-19.320312 0-35.480469-13.769531-39.191406-32zm95.191406-64h-16c-4.40625 0-8-3.59375-8-8v-8h32v8c0 4.40625-3.59375 8-8 8zm16-32h-48c-4.40625 0-8-3.59375-8-8v-24h64v24c0 4.40625-3.59375 8-8 8zm-24-104c-8.824219 0-16-7.175781-16-16s7.175781-16 16-16 16 7.175781 16 16-7.175781 16-16 16zm-76.289062-40.390625c9.058593-29.273437 34.679687-50.808594 65.289062-54.875 3.734375-.496094 7.457031-.742187 11.136719-.742187 19.414062 0 37.765625 6.847656 52.558593 19.816406 17.351563 15.191406 27.304688 37.136718 27.304688 60.191406 0 30.113281-16.542969 58.128906-42.199219 72h-29.800781v-41.136719c13.761719-3.574219 24-16 24-30.863281 0-17.648438-14.351562-32-32-32s-32 14.351562-32 32c0 14.863281 10.238281 27.289062 24 30.863281v41.136719h-29.886719c-33.417969-18.097656-49.921875-59.160156-38.402343-96.390625zm-3.710938 78.199219v146.191406h-24v8c0 18.984375 9.511719 35.761719 24 45.886719v62.433593c-7.28125-6.535156-16.527344-10.914062-26.769531-12.023437-6.613281-19.007813-24.644531-32.296875-45.230469-32.296875-8.59375 0-16.648438 2.296875-23.632812 6.273438-4.160157-6.496094-9.78125-11.824219-16.367188-15.648438v-177.210938l105.929688-42.367187c1.773437 3.722656 3.847656 7.289063 6.070312 10.761719zm-232-133.808594h160v16h-160zm-16 32h192v93.785156l-72 28.800782v182.132812c-2.625-.445312-5.289062-.71875-8-.71875-6.039062 0-11.976562 1.207031-17.542969 3.390625-5.632812-7.550781-13.417969-13.382813-22.457031-16.589844v-168.214843l-72-28.800782zm56 133.414062v154.585938c-15.375 0-29.488281 7.289062-38.457031 19.367188-5.4375-2.152344-11.351563-3.367188-17.542969-3.367188-26.472656 0-48 21.527344-48 48 0 2.046875.160156 4.113281.480469 6.246094-3.097657 1.730468-5.894531 3.84375-8.480469 6.136718v-275.765624zm160 298.585938h-240c-17.648438 0-32-14.351562-32-32 0-13.273438 8.054688-24.960938 20.527344-29.769531l6.792968-2.621094-1.96875-7.007813c-.917968-3.289062-1.351562-6.027343-1.351562-8.601562 0-17.648438 14.351562-32 32-32s32 14.351562 32 32h16c0-14.496094-6.480469-27.480469-16.671875-36.289062 6.007813-7.3125 14.953125-11.710938 24.671875-11.710938 17.648438 0 32 14.351562 32 32h16c0-4.96875-.761719-9.761719-2.167969-14.273438 3.265625-1.09375 6.6875-1.726562 10.167969-1.726562 11.664062 0 22.359375 6.433594 27.953125 16.40625-7.417969 8.457031-11.953125 19.488281-11.953125 31.59375h16c0-17.648438 14.351562-32 32-32 12.199219 0 23.023438 7.03125 28.390625 17.480469-20.863281 5.207031-36.390625 24.054687-36.390625 46.519531h16c0-17.648438 14.351562-32 32-32s32 14.351562 32 32-14.351562 32-32 32zm184-88h-96c-13.230469 0-24 10.769531-24 24s10.769531 24 24 24h56c4.40625 0 8 3.59375 8 8s-3.59375 8-8 8h-96.71875c.4375-2.609375.71875-5.273438.71875-8v-90.359375c5.070312 1.519531 10.441406 2.359375 16 2.359375h41.472656c3.3125 9.289062 12.113282 16 22.527344 16h56c4.40625 0 8 3.59375 8 8s-3.59375 8-8 8zm0 0\"><\/path><path d=\"m64 192h16v48h-16zm0 0\"><\/path><path d=\"m64 256h16v48h-16zm0 0\"><\/path><path d=\"m256 200h16v48h-16zm0 0\"><\/path><path d=\"m256 264h16v48h-16zm0 0\"><\/path><path d=\"m136 64h16v64h-16zm0 0\"><\/path><path d=\"m184 64h16v64h-16zm0 0\"><\/path><\/svg>\t\t\t<\/div>\n\t\t<\/div>\n\t\t\t\t\t\t<\/div>\n\t\t\t\t<\/div>\n\t\t\t\t<div class=\"elementor-element elementor-element-a96be02 elementor-widget elementor-widget-heading\" data-id=\"a96be02\" data-element_type=\"widget\" data-widget_type=\"heading.default\">\n\t\t\t\t<div class=\"elementor-widget-container\">\n\t\t\t\t\t<h2 class=\"elementor-heading-title elementor-size-default\">ideia<\/h2>\t\t\t\t<\/div>\n\t\t\t\t<\/div>\n\t\t\t\t<div class=\"elementor-element elementor-element-b6e9a4f elementor-widget elementor-widget-text-editor\" data-id=\"b6e9a4f\" data-element_type=\"widget\" data-widget_type=\"text-editor.default\">\n\t\t\t\t<div class=\"elementor-widget-container\">\n\t\t\t\t\t\t\t\t\t<p><span style=\"font-weight: 400;\">Inicia com os estudos de viabilidade e estudos preliminares, onde entendemos as necessidades do cliente e avaliamos a voca\u00e7\u00e3o e potencial do terreno.<\/span><\/p>\t\t\t\t\t\t\t\t<\/div>\n\t\t\t\t<\/div>\n\t\t\t\t<\/div>\n\t\t<a class=\"elementor-element elementor-element-19847c3 e-con-full e-flex wpr-particle-no wpr-jarallax-no wpr-parallax-no wpr-sticky-section-no wpr-equal-height-no e-con e-child\" data-id=\"19847c3\" data-element_type=\"container\">\n\t\t\t\t<div class=\"elementor-element elementor-element-4dbabc7 elementor-view-default elementor-widget elementor-widget-icon\" data-id=\"4dbabc7\" data-element_type=\"widget\" data-widget_type=\"icon.default\">\n\t\t\t\t<div class=\"elementor-widget-container\">\n\t\t\t\t\t\t\t<div class=\"elementor-icon-wrapper\">\n\t\t\t<div class=\"elementor-icon\">\n\t\t\t<svg xmlns=\"http:\/\/www.w3.org\/2000\/svg\" height=\"496pt\" viewBox=\"0 0 496 496\" width=\"496pt\"><path d=\"m336 40h128v104h-128zm0 0\" fill=\"#f0bc5e\"><\/path><path d=\"m168 144h-16c-13.230469 0-24 10.769531-24 24v64h64v-64c0-13.230469-10.769531-24-24-24zm0 0\" fill=\"#f0bc5e\"><\/path><path d=\"m456 336c22.054688 0 40-17.945312 40-40v-256c0-22.054688-17.945312-40-40-40h-416c-22.054688 0-40 17.945312-40 40v256c0 22.054688 17.945312 40 40 40h120v16h-8c-13.230469 0-24 10.769531-24 24v24h240v-24c0-13.230469-10.769531-24-24-24h-8v-16h48v8c0 13.230469 10.769531 24 24 24h64c4.40625 0 8 3.585938 8 8s-3.59375 8-8 8h-32c-13.230469 0-24 10.769531-24 24v8h-8c-30.878906 0-56 25.128906-56 56v24h144v-24c0-30.871094-25.121094-56-56-56h-8v-8c0-4.414062 3.59375-8 8-8h32c13.230469 0 24-10.769531 24-24s-10.769531-24-24-24h-64c-4.40625 0-8-3.585938-8-8v-8zm-40 96h16v8c0 4.414062-3.59375 8-8 8s-8-3.585938-8-8zm64 40v8h-112v-8c0-19.3125 13.769531-35.472656 32-39.191406v7.191406c0 13.230469 10.769531 24 24 24s24-10.769531 24-24v-7.191406c18.230469 3.71875 32 19.878906 32 39.191406zm-440-456h416c13.230469 0 24 10.769531 24 24v232h-156.6875l-16-16h-118.625l-16 16h-156.6875v-232c0-13.230469 10.769531-24 24-24zm-24 280v-8h163.3125l16-16h105.375l16 16h163.3125v8c0 13.230469-10.769531 24-24 24h-416c-13.230469 0-24-10.769531-24-24zm336 80v8h-208v-8c0-4.414062 3.59375-8 8-8h192c4.40625 0 8 3.585938 8 8zm-32-24h-144v-16h144zm0 0\"><\/path><path d=\"m280 288h16v16h-16zm0 0\"><\/path><path d=\"m232 288h32v16h-32zm0 0\"><\/path><path d=\"m200 288h16v16h-16zm0 0\"><\/path><path d=\"m288 137.601562 37.335938-89.601562h138.664062v-16h-149.335938l-40 96h-52.726562c-6.234375-28.097656-26.472656-51.71875-53.9375-61.769531v-34.230469h-16v34.230469c-27.464844 10.050781-47.703125 33.671875-53.9375 61.769531h-66.0625v112h256zm-48 86.398438h-16v-48h16zm-144 0h-16v-48h16zm18.519531-96h90.953125c1.625 5.855469 2.527344 11.96875 2.527344 18.238281v77.761719h-96v-77.761719c0-6.269531.902344-12.382812 2.519531-18.238281zm45.480469-47.640625c16.734375 5.394531 30.382812 16.945313 38.800781 31.640625h-77.601562c8.417969-14.695312 22.066406-26.246094 38.800781-31.640625zm-112 63.640625h48.097656c-.027344.753906-.097656 1.488281-.097656 2.238281v13.761719h-32v64h-16zm224 80h-16v-64h-32v-13.761719c0-.75-.070312-1.496093-.097656-2.238281h48.097656zm0 0\"><\/path><path d=\"m368 64h96v16h-96zm0 0\"><\/path><path d=\"m336 64h16v16h-16zm0 0\"><\/path><path d=\"m336 96h128v16h-128zm0 0\"><\/path><path d=\"m448 128h16v16h-16zm0 0\"><\/path><path d=\"m336 128h96v16h-96zm0 0\"><\/path><path d=\"m448 256h-112c-8.839844 0-16-7.160156-16-16v-64c0-8.839844 7.160156-16 16-16h112c8.839844 0 16 7.160156 16 16v64c0 8.839844-7.160156 16-16 16zm0 0\" fill=\"#f0bc5e\"><\/path><\/svg>\t\t\t<\/div>\n\t\t<\/div>\n\t\t\t\t\t\t<\/div>\n\t\t\t\t<\/div>\n\t\t\t\t<div class=\"elementor-element elementor-element-6e4e1c1 elementor-widget elementor-widget-heading\" data-id=\"6e4e1c1\" data-element_type=\"widget\" data-widget_type=\"heading.default\">\n\t\t\t\t<div class=\"elementor-widget-container\">\n\t\t\t\t\t<h2 class=\"elementor-heading-title elementor-size-default\">projeto<\/h2>\t\t\t\t<\/div>\n\t\t\t\t<\/div>\n\t\t\t\t<div class=\"elementor-element elementor-element-df8e3db elementor-widget elementor-widget-text-editor\" data-id=\"df8e3db\" data-element_type=\"widget\" data-widget_type=\"text-editor.default\">\n\t\t\t\t<div class=\"elementor-widget-container\">\n\t\t\t\t\t\t\t\t\t<p><span style=\"font-weight: 400;\">Elabora\u00e7\u00e3o do projeto executivo, que \u00e9 uma vers\u00e3o compatibilizada de todos os projetos que comp\u00f5em a obra, compilando em um caderno t\u00e9cnico todas as informa\u00e7\u00f5es necess\u00e1rias para uma execu\u00e7\u00e3o de obras sem imprevistos.<\/span><\/p>\t\t\t\t\t\t\t\t<\/div>\n\t\t\t\t<\/div>\n\t\t\t\t<\/a>\n\t\t<div class=\"elementor-element elementor-element-cf62299 e-con-full e-flex wpr-particle-no wpr-jarallax-no wpr-parallax-no wpr-sticky-section-no wpr-equal-height-no e-con e-child\" data-id=\"cf62299\" data-element_type=\"container\">\n\t\t\t\t<div class=\"elementor-element elementor-element-e4e3a5d elementor-view-default elementor-widget elementor-widget-icon\" data-id=\"e4e3a5d\" data-element_type=\"widget\" data-widget_type=\"icon.default\">\n\t\t\t\t<div class=\"elementor-widget-container\">\n\t\t\t\t\t\t\t<div class=\"elementor-icon-wrapper\">\n\t\t\t<div class=\"elementor-icon\">\n\t\t\t<svg xmlns=\"http:\/\/www.w3.org\/2000\/svg\" id=\"_x33_0\" height=\"512\" viewBox=\"0 0 64 64\" width=\"512\"><g><g><path d=\"m34.162 13h-4.324c-1.392 0-2.733.273-4.005.781-.645 3.583-3.195 6.496-6.567 7.663-.177.782-.266 1.584-.266 2.394 0 1.854.252 3.701.749 5.489l.203.732h.213c.396-1.193 1.509-2.059 2.835-2.059h1v-2c0-2.209 1.791-4 4-4h1l-.016-.047c.911 1.236 2.364 2.047 4.016 2.047h5c1.105 0 2 .895 2 2v2h1c1.326 0 2.439.866 2.835 2.06h.213l.203-.732c.497-1.789.749-3.636.749-5.49 0-5.976-4.862-10.838-10.838-10.838z\" fill=\"#f0bc5e\"><\/path><\/g><g><path d=\"m51 22h8v8h-8z\" fill=\"#f0bc5e\"><\/path><\/g><g><path d=\"m59 37h-7c-1.654 0-3 1.346-3 3v1.895l-1.573 7.341c-2.73-3.622-6.449-6.433-10.71-8.037l-.316-.632c2.376-.872 4.148-2.993 4.519-5.567h.08c2.206 0 4-1.794 4-4s-1.794-4-4-4v-1c0-1.654-1.346-3-3-3h-1c-2.206 0-4-1.794-4-4h-2c0 1.513.567 2.892 1.494 3.949-1.965-.252-3.494-1.916-3.494-3.949h-2c0 .716.126 1.403.357 2.041-2.454.316-4.357 2.42-4.357 4.959v1c-2.206 0-4 1.794-4 4s1.794 4 4 4h.08c.371 2.574 2.143 4.695 4.519 5.567l-.316.632c-4.261 1.605-7.98 4.416-10.71 8.037l-1.573-7.341v-1.895c0-1.654-1.346-3-3-3h-7c-1.103 0-2 .897-2 2 0 2.206 1.794 4 4 4v12.871c0 3.931 3.198 7.129 7.129 7.129 2.122 0 4.118-.935 5.477-2.564l1.394-1.673v4.237h22v-4.237l1.394 1.673c1.358 1.629 3.355 2.564 5.477 2.564 3.931 0 7.129-3.198 7.129-7.129v-12.871c2.206 0 4-1.794 4-4 0-1.103-.897-2-2-2zm-38-6c0-1.103.897-2 2-2v4c-1.103 0-2-.897-2-2zm8.923 13.08-2.221 1.332-.409-2.046c.22-.092.44-.185.663-.27zm1.944 4.92h.265l1.715 12h-3.694zm.412-2h-.558l-.463-1.388.742-.446.742.445zm1.798-2.92 1.967-.984c.224.085.443.178.663.27l-.409 2.046zm8.923-13.08c0 1.103-.897 2-2 2v-4c1.103 0 2 .897 2 2zm-18 3v-8c0-1.654 1.346-3 3-3h.532c1.099 1.227 2.695 2 4.468 2h5c.551 0 1 .448 1 1v8c0 2.757-2.243 5-5 5h-4c-2.757 0-5-2.243-5-5zm5 7h4c.126 0 .248-.012.372-.019l.286.572-2.658 1.329-2.658-1.329.286-.572c.124.007.246.019.372.019zm-25-2h7c.551 0 1 .448 1 1v1h-6c-1.103 0-2-.897-2-2zm16 14v2.638l-2.93 3.517c-.978 1.172-2.414 1.845-3.941 1.845-2.828 0-5.129-2.301-5.129-5.129v-12.871h4.191l2.831 13.21 1.956-.42-.83-3.872c2.048-3.241 4.917-5.884 8.281-7.674l.869 4.343 3.203-1.922.475 1.426-1.843 12.909h-5.133v-8zm34 2.871c0 2.828-2.301 5.129-5.129 5.129-1.527 0-2.963-.673-3.94-1.846l-2.931-3.516v-2.638h-2v8h-5.133l-1.844-12.908.475-1.426 3.203 1.922.869-4.343c3.364 1.79 6.233 4.433 8.281 7.674l-.83 3.872 1.956.42 2.832-13.211h4.191zm2-14.871h-6v-1c0-.552.449-1 1-1h7c0 1.103-.897 2-2 2z\"><\/path><circle cx=\"28\" cy=\"28\" r=\"1\"><\/circle><circle cx=\"36\" cy=\"28\" r=\"1\"><\/circle><path d=\"m37 32v-1h-10v1c0 2.757 2.243 5 5 5s5-2.243 5-5zm-7.829 1h5.657c-.413 1.164-1.525 2-2.829 2s-2.415-.836-2.828-2z\"><\/path><path d=\"m15 16.816v2.184h2v-2h2v-3c0-1.654-1.346-3-3-3-.551 0-1-.448-1-1v-1h1c.551 0 1 .448 1 1v1h2v-1c0-1.302-.839-2.402-2-2.816v-2.184h-2v2h-2v3c0 1.654 1.346 3 3 3 .551 0 1 .448 1 1v1h-1c-.551 0-1-.448-1-1v-1h-2v1c0 1.302.839 2.402 2 2.816z\"><\/path><path d=\"m16 23c6.065 0 11-4.935 11-11s-4.935-11-11-11-11 4.935-11 11 4.935 11 11 11zm0-20c4.962 0 9 4.037 9 9s-4.038 9-9 9-9-4.037-9-9 4.038-9 9-9z\"><\/path><path d=\"m15 27h-4v-4h-6v2h-4v10h14zm-6-2v8h-2v-8zm-6 2h2v6h-2zm10 6h-2v-4h2z\"><\/path><path d=\"m62.414 17-5.414-5.414c-.378-.378-.88-.586-1.414-.586h-6.586c-1.103 0-2 .897-2 2v20c0 1.103.897 2 2 2h12c1.103 0 2-.897 2-2v-14.586c0-.526-.213-1.042-.586-1.414zm-5.414-2.586 2.586 2.586h-2.586zm-8 18.586v-20h6v4c0 1.103.897 2 2 2h4v14z\"><\/path><path d=\"m51 17h2v2h-2z\"><\/path><path d=\"m51 21h8v2h-8z\"><\/path><path d=\"m51 25h8v2h-8z\"><\/path><path d=\"m51 29h8v2h-8z\"><\/path><path d=\"m50.414 6c.373-.372.586-.888.586-1.414 0-1.978-1.608-3.586-3.586-3.586-.534 0-1.036.208-1.414.586l-7 7v4.414h4.414zm-1.414-1.414-1 1-1.586-1.586 1-1c.875 0 1.586.712 1.586 1.586zm-8 6.414v-1.586l4-4 1.586 1.586-4 4z\"><\/path><\/g><\/g><\/svg>\t\t\t<\/div>\n\t\t<\/div>\n\t\t\t\t\t\t<\/div>\n\t\t\t\t<\/div>\n\t\t\t\t<div class=\"elementor-element elementor-element-2749a18 elementor-widget elementor-widget-heading\" data-id=\"2749a18\" data-element_type=\"widget\" data-widget_type=\"heading.default\">\n\t\t\t\t<div class=\"elementor-widget-container\">\n\t\t\t\t\t<h2 class=\"elementor-heading-title elementor-size-default\">contrata\u00e7\u00e3o<\/h2>\t\t\t\t<\/div>\n\t\t\t\t<\/div>\n\t\t\t\t<div class=\"elementor-element elementor-element-55a9b8b elementor-widget elementor-widget-text-editor\" data-id=\"55a9b8b\" data-element_type=\"widget\" data-widget_type=\"text-editor.default\">\n\t\t\t\t<div class=\"elementor-widget-container\">\n\t\t\t\t\t\t\t\t\t<p><span style=\"font-weight: 400;\">Cada obra \u00e9 \u00fanica, com suas caracter\u00edsticas e peculiaridades. Entendemos que o trabalho de execu\u00e7\u00e3o deve iniciar o quanto antes, de prefer\u00eancia junto com a etapa de projetos, com muito di\u00e1logo entre os clientes e os profissionais envolvidos.<\/span><\/p>\t\t\t\t\t\t\t\t<\/div>\n\t\t\t\t<\/div>\n\t\t\t\t<\/div>\n\t\t<div class=\"elementor-element elementor-element-3d2c698 e-con-full e-flex wpr-particle-no wpr-jarallax-no wpr-parallax-no wpr-sticky-section-no wpr-equal-height-no e-con e-child\" data-id=\"3d2c698\" data-element_type=\"container\">\n\t\t\t\t<div class=\"elementor-element elementor-element-d8320b5 elementor-view-default elementor-widget elementor-widget-icon\" data-id=\"d8320b5\" data-element_type=\"widget\" data-widget_type=\"icon.default\">\n\t\t\t\t<div class=\"elementor-widget-container\">\n\t\t\t\t\t\t\t<div class=\"elementor-icon-wrapper\">\n\t\t\t<div class=\"elementor-icon\">\n\t\t\t<svg xmlns=\"http:\/\/www.w3.org\/2000\/svg\" id=\"Layer_5\" height=\"512\" viewBox=\"0 0 64 64\" width=\"512\"><g><g><path d=\"m2 37.414 10.586 10.586h10.828l-12-12h-9.414z\" fill=\"#f0bc5e\"><\/path><\/g><g><path d=\"m32.586 48h10.828l-12-12h-10.828z\" fill=\"#f0bc5e\"><\/path><\/g><g><path d=\"m40.586 36 12 12h9.414v-1.414l-10.586-10.586z\" fill=\"#f0bc5e\"><\/path><\/g><path d=\"m49.726 20.547 11.099-3.171c1.28-.366 2.175-1.553 2.175-2.885v-5.491c0-1.654-1.346-3-3-3h-3v-2c0-1.654-1.346-3-3-3h-18c-1.654 0-3 1.346-3 3v6c0 1.654 1.346 3 3 3h18c1.654 0 3-1.346 3-3v-2h3c.551 0 1 .449 1 1v5.491c0 .444-.298.84-.726.962l-11.099 3.171c-1.28.366-2.175 1.553-2.175 2.885v3.491h-1c-1.103 0-2 .897-2 2v8h-25v-20.184c1.161-.414 2-1.514 2-2.816v-1.81c0-.656.534-1.19 1.19-1.19.284 0 .559.102.774.287l8.036 6.887v-4.174c0-6.065-4.935-11-11-11h-8.764c-1.143 0-2.171.635-2.683 1.658l-.171.342h-.764l-.171-.342c-.511-1.023-1.54-1.658-2.683-1.658h-.764c-1.654 0-3 1.346-3 3v6c0 1.654 1.346 3 3 3h.764c1.143 0 2.171-.635 2.683-1.658l.171-.342h1.382v1c0 1.302.839 2.402 2 2.816v20.184h-10v14h4v14h8v-4h38v4h8v-14h4v-14h-11v-8c0-1.103-.897-2-2-2h-1v-3.491c0-.445.298-.84.726-.962zm5.274-10.547c0 .551-.449 1-1 1h-18c-.551 0-1-.449-1-1v-6c0-.551.449-1 1-1h18c.551 0 1 .449 1 1zm-48.618-1-.724 1.447c-.17.341-.513.553-.894.553h-.764c-.551 0-1-.449-1-1v-6c0-.551.449-1 1-1h.764c.381 0 .724.212.894.553l.724 1.447h3.236l.724-1.447c.17-.341.513-.553.894-.553h8.764c4.904 0 8.904 3.942 8.999 8.824l-4.732-4.056c-.579-.495-1.316-.768-2.077-.768-1.759 0-3.19 1.431-3.19 3.19v1.81c0 .551-.449 1-1 1h-6c-.551 0-1-.449-1-1v-3zm6.618 6h4v20h-4zm-6 46v-12h4v12zm6-12h38v4h-38zm0 8v-2h38v2zm44 4h-4v-12h4zm4-14h-58v-10h58zm-11-12h-4v-8h4z\"><\/path><\/g><\/svg>\t\t\t<\/div>\n\t\t<\/div>\n\t\t\t\t\t\t<\/div>\n\t\t\t\t<\/div>\n\t\t\t\t<div class=\"elementor-element elementor-element-7d7941a elementor-widget elementor-widget-heading\" data-id=\"7d7941a\" data-element_type=\"widget\" data-widget_type=\"heading.default\">\n\t\t\t\t<div class=\"elementor-widget-container\">\n\t\t\t\t\t<h2 class=\"elementor-heading-title elementor-size-default\">execu\u00e7\u00e3o<\/h2>\t\t\t\t<\/div>\n\t\t\t\t<\/div>\n\t\t\t\t<div class=\"elementor-element elementor-element-cfb9ba9 elementor-widget elementor-widget-text-editor\" data-id=\"cfb9ba9\" data-element_type=\"widget\" data-widget_type=\"text-editor.default\">\n\t\t\t\t<div class=\"elementor-widget-container\">\n\t\t\t\t\t\t\t\t\t<p><span style=\"font-weight: 400;\">Atividade de EXECU\u00c7\u00c3O DE OBRAS, adicionados de: controle financeiro da obra, contrata\u00e7\u00e3o de todas as equipes de m\u00e3o de obra, compra de todos os materiais necess\u00e1rios, gerenciamento integral do canteiro de obras e acompanhamento di\u00e1rio da obra.<\/span><\/p>\t\t\t\t\t\t\t\t<\/div>\n\t\t\t\t<\/div>\n\t\t\t\t<\/div>\n\t\t\t\t\t<\/div>\n\t\t\t\t<\/div>\n\t\t\t\t<\/div>\n\t\t","protected":false},"excerpt":{"rendered":"<p>castoldiarquitetura ideia Inicia com os estudos de viabilidade e estudos preliminares, onde entendemos as necessidades do cliente e avaliamos a voca\u00e7\u00e3o e potencial do terreno. projeto Elabora\u00e7\u00e3o do projeto executivo, que \u00e9 uma vers\u00e3o compatibilizada de todos os projetos que comp\u00f5em a obra, compilando em um caderno t\u00e9cnico todas as informa\u00e7\u00f5es necess\u00e1rias para uma execu\u00e7\u00e3o de obras sem imprevistos. contrata\u00e7\u00e3o Cada obra \u00e9 \u00fanica, com suas caracter\u00edsticas e peculiaridades. Entendemos que o trabalho de execu\u00e7\u00e3o deve iniciar o quanto antes, de prefer\u00eancia junto com a etapa de projetos, com muito di\u00e1logo entre os clientes e os profissionais envolvidos. execu\u00e7\u00e3o Atividade de EXECU\u00c7\u00c3O DE OBRAS, adicionados de: controle financeiro da obra, contrata\u00e7\u00e3o de todas as equipes de m\u00e3o de obra, compra de todos os materiais necess\u00e1rios, gerenciamento integral do canteiro de obras e acompanhamento di\u00e1rio da obra.<\/p>\n","protected":false},"author":2,"featured_media":0,"parent":0,"menu_order":0,"comment_status":"closed","ping_status":"closed","template":"elementor_header_footer","meta":{"footnotes":""},"jetpack_sharing_enabled":true,"_links":{"self":[{"href":"https:\/\/castarq.com.br\/index.php?rest_route=\/wp\/v2\/pages\/17"}],"collection":[{"href":"https:\/\/castarq.com.br\/index.php?rest_route=\/wp\/v2\/pages"}],"about":[{"href":"https:\/\/castarq.com.br\/index.php?rest_route=\/wp\/v2\/types\/page"}],"author":[{"embeddable":true,"href":"https:\/\/castarq.com.br\/index.php?rest_route=\/wp\/v2\/users\/2"}],"replies":[{"embeddable":true,"href":"https:\/\/castarq.com.br\/index.php?rest_route=%2Fwp%2Fv2%2Fcomments&post=17"}],"version-history":[{"count":76,"href":"https:\/\/castarq.com.br\/index.php?rest_route=\/wp\/v2\/pages\/17\/revisions"}],"predecessor-version":[{"id":237,"href":"https:\/\/castarq.com.br\/index.php?rest_route=\/wp\/v2\/pages\/17\/revisions\/237"}],"wp:attachment":[{"href":"https:\/\/castarq.com.br\/index.php?rest_route=%2Fwp%2Fv2%2Fmedia&parent=17"}],"curies":[{"name":"wp","href":"https:\/\/api.w.org\/{rel}","templated":true}]}}