{"id":271,"date":"2023-11-06T21:47:01","date_gmt":"2023-11-06T21:47:01","guid":{"rendered":"https:\/\/castarq.com.br\/?page_id=271"},"modified":"2023-11-06T21:47:11","modified_gmt":"2023-11-06T21:47:11","slug":"serv","status":"publish","type":"page","link":"https:\/\/castarq.com.br\/?page_id=271","title":{"rendered":"Servi\u00e7os"},"content":{"rendered":"\t\t<div data-elementor-type=\"wp-page\" data-elementor-id=\"271\" class=\"elementor elementor-271\">\n\t\t\t\t<div class=\"elementor-element elementor-element-d92a030 e-flex e-con-boxed wpr-particle-no wpr-jarallax-no wpr-parallax-no wpr-sticky-section-no e-con e-parent\" data-id=\"d92a030\" data-element_type=\"container\" data-settings=\"{&quot;background_background&quot;:&quot;gradient&quot;,&quot;shape_divider_bottom&quot;:&quot;opacity-tilt&quot;}\">\n\t\t\t\t\t<div class=\"e-con-inner\">\n\t\t\t\t<div class=\"elementor-shape elementor-shape-bottom\" data-negative=\"false\">\n\t\t\t<svg xmlns=\"http:\/\/www.w3.org\/2000\/svg\" viewBox=\"0 0 2600 131.1\" preserveAspectRatio=\"none\">\n\t<path class=\"elementor-shape-fill\" d=\"M0 0L2600 0 2600 69.1 0 0z\"\/>\n\t<path class=\"elementor-shape-fill\" style=\"opacity:0.5\" d=\"M0 0L2600 0 2600 69.1 0 69.1z\"\/>\n\t<path class=\"elementor-shape-fill\" style=\"opacity:0.25\" d=\"M2600 0L0 0 0 130.1 2600 69.1z\"\/>\n<\/svg>\t\t<\/div>\n\t\t\t\t<div class=\"elementor-element elementor-element-d890a24 elementor-widget elementor-widget-heading\" data-id=\"d890a24\" data-element_type=\"widget\" data-widget_type=\"heading.default\">\n\t\t\t\t<div class=\"elementor-widget-container\">\n\t\t\t\t\t<h2 class=\"elementor-heading-title elementor-size-default\">servi\u00e7os<\/h2>\t\t\t\t<\/div>\n\t\t\t\t<\/div>\n\t\t\t\t\t<\/div>\n\t\t\t\t<\/div>\n\t\t<div class=\"elementor-element elementor-element-617f3ef e-flex e-con-boxed wpr-particle-no wpr-jarallax-no wpr-parallax-no wpr-sticky-section-no e-con e-parent\" data-id=\"617f3ef\" data-element_type=\"container\" data-settings=\"{&quot;background_background&quot;:&quot;classic&quot;}\">\n\t\t\t\t\t<div class=\"e-con-inner\">\n\t\t\t\t<div class=\"elementor-element elementor-element-54e31c5 elementor-widget elementor-widget-heading\" data-id=\"54e31c5\" data-element_type=\"widget\" data-widget_type=\"heading.default\">\n\t\t\t\t<div class=\"elementor-widget-container\">\n\t\t\t\t\t<h2 class=\"elementor-heading-title elementor-size-default\">administra\u00e7\u00e3o<\/h2>\t\t\t\t<\/div>\n\t\t\t\t<\/div>\n\t\t\t\t<div class=\"elementor-element elementor-element-cadba4d elementor-widget elementor-widget-text-editor\" data-id=\"cadba4d\" data-element_type=\"widget\" data-widget_type=\"text-editor.default\">\n\t\t\t\t<div class=\"elementor-widget-container\">\n\t\t\t\t\t\t\t\t\t<p>A Castarq atua tamb\u00e9m na modalidade de ADMINISTRA\u00c7\u00c3O DE OBRAS. Este servi\u00e7o consiste em todos os itens da atividade de EXECU\u00c7\u00c3O DE OBRAS, adicionados de:<\/p><ul><li>Controle financeiro da obra;<\/li><li>Contrata\u00e7\u00e3o de todas as equipes de m\u00e3o de obra e compra de todos os materiais necess\u00e1rios;<\/li><li>Gerenciamento integral do canteiro de obras;<\/li><li>Acompanhamento di\u00e1rio da obra.<br \/><br \/><\/li><\/ul>\t\t\t\t\t\t\t\t<\/div>\n\t\t\t\t<\/div>\n\t\t\t\t\t<\/div>\n\t\t\t\t<\/div>\n\t\t<div class=\"elementor-element elementor-element-d599488 e-flex e-con-boxed wpr-particle-no wpr-jarallax-no wpr-parallax-no wpr-sticky-section-no e-con e-parent\" data-id=\"d599488\" data-element_type=\"container\">\n\t\t\t\t\t<div class=\"e-con-inner\">\n\t\t\t\t<div class=\"elementor-element elementor-element-2353c91 elementor-widget elementor-widget-heading\" data-id=\"2353c91\" data-element_type=\"widget\" data-widget_type=\"heading.default\">\n\t\t\t\t<div class=\"elementor-widget-container\">\n\t\t\t\t\t<h2 class=\"elementor-heading-title elementor-size-default\">execu\u00e7\u00e3o<\/h2>\t\t\t\t<\/div>\n\t\t\t\t<\/div>\n\t\t\t\t<div class=\"elementor-element elementor-element-249ee7a elementor-widget elementor-widget-text-editor\" data-id=\"249ee7a\" data-element_type=\"widget\" data-widget_type=\"text-editor.default\">\n\t\t\t\t<div class=\"elementor-widget-container\">\n\t\t\t\t\t\t\t\t\t<ul><li>Assessoramento ao cliente desde a fase de projetos, trazendo a vis\u00e3o da execu\u00e7\u00e3o para a integra\u00e7\u00e3o de arquitet\u00f4nico, estrutural e complementares, bem como na defini\u00e7\u00e3o de sistemas construtivos;<\/li><li>Planejamento da obra (cronograma f\u00edsico-financeiro e planilha de or\u00e7amenta\u00e7\u00e3o);<\/li><li>Controle de projetos no canteiro de obras: vers\u00f5es revisadas e compatibilizadas dos projetos para execu\u00e7\u00e3o;<\/li><li>Avalia\u00e7\u00e3o t\u00e9cnica e indica\u00e7\u00e3o de fornecedores de materiais e equipes de m\u00e3o de obra;<\/li><li>Acompanhamento e fiscaliza\u00e7\u00e3o das atividades e servi\u00e7os no canteiro de obras;<\/li><li>Medi\u00e7\u00e3o e controle de servi\u00e7os realizados, para autoriza\u00e7\u00e3o de pagamentos;<\/li><li>Elabora\u00e7\u00e3o de quantitativos de materiais para compras;<\/li><li>Vistoria final da obra e acompanhamento at\u00e9 obten\u00e7\u00e3o do Habite-se ou equivalente.<\/li><\/ul>\t\t\t\t\t\t\t\t<\/div>\n\t\t\t\t<\/div>\n\t\t\t\t\t<\/div>\n\t\t\t\t<\/div>\n\t\t<div class=\"elementor-element elementor-element-39d1e49 e-flex e-con-boxed wpr-particle-no wpr-jarallax-no wpr-parallax-no wpr-sticky-section-no e-con e-parent\" data-id=\"39d1e49\" data-element_type=\"container\" data-settings=\"{&quot;background_background&quot;:&quot;classic&quot;}\">\n\t\t\t\t\t<div class=\"e-con-inner\">\n\t\t\t\t<div class=\"elementor-element elementor-element-0b30bcb elementor-widget elementor-widget-heading\" data-id=\"0b30bcb\" data-element_type=\"widget\" data-widget_type=\"heading.default\">\n\t\t\t\t<div class=\"elementor-widget-container\">\n\t\t\t\t\t<h2 class=\"elementor-heading-title elementor-size-default\">contrata\u00e7\u00e3o<\/h2>\t\t\t\t<\/div>\n\t\t\t\t<\/div>\n\t\t\t\t<div class=\"elementor-element elementor-element-b407870 elementor-widget elementor-widget-text-editor\" data-id=\"b407870\" data-element_type=\"widget\" data-widget_type=\"text-editor.default\">\n\t\t\t\t<div class=\"elementor-widget-container\">\n\t\t\t\t\t\t\t\t\t<p><span style=\"font-weight: 400;\">Cada obra \u00e9 \u00fanica, com suas caracter\u00edsticas e peculiaridades. Entendemos que o trabalho de execu\u00e7\u00e3o deve iniciar o quanto antes, de prefer\u00eancia junto com a etapa de projetos, com muito di\u00e1logo entre os clientes e os profissionais envolvidos.<\/span><\/p><p><span style=\"font-weight: 400;\">Assim, para a elabora\u00e7\u00e3o da proposta de trabalho, fazemos uma cuidadosa aloca\u00e7\u00e3o de horas t\u00e9cnicas a partir das informa\u00e7\u00f5es do projeto (\u00e1rea, complexidade, localiza\u00e7\u00e3o), do prazo previsto de execu\u00e7\u00e3o e das necessidades dos clientes.<\/span><\/p><p><span style=\"font-weight: 400;\">Na aloca\u00e7\u00e3o de horas t\u00e9cnicas est\u00e3o inclu\u00eddos: atendimentos presenciais em obra, atendimentos remotos (telefone, e-mail, mensagens), reuni\u00f5es, visitas a fornecedores e revis\u00f5es de projetos.<\/span><\/p><p><span style=\"font-weight: 400;\">Dessa previs\u00e3o de horas t\u00e9cnicas resulta um valor justo para os honor\u00e1rios de execu\u00e7\u00e3o, que ir\u00e3o garantir um atendimento de qualidade durante todo o per\u00edodo de realiza\u00e7\u00e3o da obra.<\/span><\/p>\t\t\t\t\t\t\t\t<\/div>\n\t\t\t\t<\/div>\n\t\t\t\t<div class=\"elementor-element elementor-element-c91f83b elementor-widget elementor-widget-button\" data-id=\"c91f83b\" data-element_type=\"widget\" data-widget_type=\"button.default\">\n\t\t\t\t<div class=\"elementor-widget-container\">\n\t\t\t\t\t\t\t\t\t<div class=\"elementor-button-wrapper\">\n\t\t\t\t\t<a class=\"elementor-button elementor-button-link elementor-size-sm\" href=\"https:\/\/wa.me\/555492342004?text=Estou%20entrando%20em%20contato%20atrav%C3%A9s%20do%20seu%20site.\">\n\t\t\t\t\t\t<span class=\"elementor-button-content-wrapper\">\n\t\t\t\t\t\t\t\t\t<span class=\"elementor-button-text\">Contato<\/span>\n\t\t\t\t\t<\/span>\n\t\t\t\t\t<\/a>\n\t\t\t\t<\/div>\n\t\t\t\t\t\t\t\t<\/div>\n\t\t\t\t<\/div>\n\t\t\t\t\t<\/div>\n\t\t\t\t<\/div>\n\t\t\t\t<\/div>\n\t\t","protected":false},"excerpt":{"rendered":"<p>servi\u00e7os administra\u00e7\u00e3o A Castarq atua tamb\u00e9m na modalidade de ADMINISTRA\u00c7\u00c3O DE OBRAS. Este servi\u00e7o consiste em todos os itens da atividade de EXECU\u00c7\u00c3O DE OBRAS, adicionados de: Controle financeiro da obra; Contrata\u00e7\u00e3o de todas as equipes de m\u00e3o de obra e compra de todos os materiais necess\u00e1rios; Gerenciamento integral do canteiro de obras; Acompanhamento di\u00e1rio da obra. execu\u00e7\u00e3o Assessoramento ao cliente desde a fase de projetos, trazendo a vis\u00e3o da execu\u00e7\u00e3o para a integra\u00e7\u00e3o de arquitet\u00f4nico, estrutural e complementares, bem como na defini\u00e7\u00e3o de sistemas construtivos; Planejamento da obra (cronograma f\u00edsico-financeiro e planilha de or\u00e7amenta\u00e7\u00e3o); Controle de projetos no canteiro de obras: vers\u00f5es revisadas e compatibilizadas dos projetos para execu\u00e7\u00e3o; Avalia\u00e7\u00e3o t\u00e9cnica e indica\u00e7\u00e3o de fornecedores de materiais e equipes de m\u00e3o de obra; Acompanhamento e fiscaliza\u00e7\u00e3o das atividades e servi\u00e7os no canteiro de obras; Medi\u00e7\u00e3o e controle de servi\u00e7os realizados, para autoriza\u00e7\u00e3o de pagamentos; Elabora\u00e7\u00e3o de quantitativos de materiais para compras; Vistoria final da obra e acompanhamento at\u00e9 obten\u00e7\u00e3o do Habite-se ou equivalente. contrata\u00e7\u00e3o Cada obra \u00e9 \u00fanica, com suas caracter\u00edsticas e peculiaridades. Entendemos que o trabalho de execu\u00e7\u00e3o deve iniciar o quanto antes, de prefer\u00eancia junto com a etapa de projetos, com muito di\u00e1logo entre os clientes e os profissionais envolvidos. Assim, para a elabora\u00e7\u00e3o da proposta de trabalho, fazemos uma cuidadosa aloca\u00e7\u00e3o de horas t\u00e9cnicas a partir das informa\u00e7\u00f5es do projeto (\u00e1rea, complexidade, localiza\u00e7\u00e3o), do prazo previsto de execu\u00e7\u00e3o e das necessidades dos clientes. Na aloca\u00e7\u00e3o de horas t\u00e9cnicas est\u00e3o inclu\u00eddos: atendimentos presenciais em obra, atendimentos remotos (telefone, e-mail, mensagens), reuni\u00f5es, visitas a fornecedores e revis\u00f5es de projetos. Dessa previs\u00e3o de horas t\u00e9cnicas resulta um valor justo para os honor\u00e1rios de execu\u00e7\u00e3o, que ir\u00e3o garantir um atendimento de qualidade durante todo o per\u00edodo de realiza\u00e7\u00e3o da obra. Contato<\/p>\n","protected":false},"author":2,"featured_media":0,"parent":0,"menu_order":0,"comment_status":"closed","ping_status":"closed","template":"elementor_header_footer","meta":{"footnotes":""},"jetpack_sharing_enabled":true,"_links":{"self":[{"href":"https:\/\/castarq.com.br\/index.php?rest_route=\/wp\/v2\/pages\/271"}],"collection":[{"href":"https:\/\/castarq.com.br\/index.php?rest_route=\/wp\/v2\/pages"}],"about":[{"href":"https:\/\/castarq.com.br\/index.php?rest_route=\/wp\/v2\/types\/page"}],"author":[{"embeddable":true,"href":"https:\/\/castarq.com.br\/index.php?rest_route=\/wp\/v2\/users\/2"}],"replies":[{"embeddable":true,"href":"https:\/\/castarq.com.br\/index.php?rest_route=%2Fwp%2Fv2%2Fcomments&post=271"}],"version-history":[{"count":4,"href":"https:\/\/castarq.com.br\/index.php?rest_route=\/wp\/v2\/pages\/271\/revisions"}],"predecessor-version":[{"id":275,"href":"https:\/\/castarq.com.br\/index.php?rest_route=\/wp\/v2\/pages\/271\/revisions\/275"}],"wp:attachment":[{"href":"https:\/\/castarq.com.br\/index.php?rest_route=%2Fwp%2Fv2%2Fmedia&parent=271"}],"curies":[{"name":"wp","href":"https:\/\/api.w.org\/{rel}","templated":true}]}}